{"id":137,"date":"2025-09-25T17:56:40","date_gmt":"2025-09-25T15:56:40","guid":{"rendered":"https:\/\/gorillasecurite.fr\/?page_id=137"},"modified":"2025-10-13T21:10:54","modified_gmt":"2025-10-13T19:10:54","slug":"nos-services","status":"publish","type":"page","link":"https:\/\/gorillasecurite.fr\/index.php\/nos-services\/","title":{"rendered":"Nos services"},"content":{"rendered":"\n<div class=\"wp-block-columns is-layout-flex wp-container-core-columns-is-layout-9d6595d7 wp-block-columns-is-layout-flex\">\n<div class=\"wp-block-column is-layout-flow wp-block-column-is-layout-flow\">\n<h2 class=\"wp-block-heading has-cyan-bluish-gray-color has-text-color has-link-color wp-elements-9c2d9b7f811aaef9ae17eae6bb3228a7\"><strong>Gardiennage \/ Ronde<\/strong><br><\/h2>\n\n\n\n<figure class=\"wp-block-image size-full is-resized\"><img fetchpriority=\"high\" decoding=\"async\" width=\"1022\" height=\"1000\" src=\"https:\/\/gorillasecurite.fr\/wp-content\/uploads\/2025\/10\/Agent-de-securite-en-surveillance.png\" alt=\"\" class=\"wp-image-168\" style=\"width:365px;height:auto\" srcset=\"https:\/\/gorillasecurite.fr\/wp-content\/uploads\/2025\/10\/Agent-de-securite-en-surveillance.png 1022w, https:\/\/gorillasecurite.fr\/wp-content\/uploads\/2025\/10\/Agent-de-securite-en-surveillance-300x294.png 300w, https:\/\/gorillasecurite.fr\/wp-content\/uploads\/2025\/10\/Agent-de-securite-en-surveillance-768x751.png 768w\" sizes=\"(max-width: 1022px) 100vw, 1022px\" \/><\/figure>\n<\/div>\n\n\n\n<div class=\"wp-block-column is-layout-flow wp-block-column-is-layout-flow\">\n<p class=\"has-white-color has-text-color has-link-color wp-elements-f050d5327e88d364502e9847b075fed0\">Le&nbsp;<strong>gardiennage<\/strong>&nbsp;chez Gorilla S\u00e9curit\u00e9 consiste \u00e0 assurer la surveillance continue de sites sensibles tels que des entreprises, des r\u00e9sidences, ou des \u00e9v\u00e9nements. Nos agents form\u00e9s veillent \u00e0 pr\u00e9venir les intrusions, prot\u00e9ger les biens et assurer la tranquillit\u00e9 des lieux gr\u00e2ce \u00e0 une pr\u00e9sence dissuasive.<\/p>\n\n\n\n<p class=\"has-white-color has-text-color has-link-color wp-elements-f2bea23b7d8af9af054a3eba1a4909bb\">Les&nbsp;<strong>rondes de s\u00e9curit\u00e9<\/strong>, effectu\u00e9es \u00e0 intervalles r\u00e9guliers, permettent de v\u00e9rifier l\u2019int\u00e9grit\u00e9 des zones surveill\u00e9es, de d\u00e9tecter tout comportement suspect ou incident et d\u2019intervenir rapidement en cas de probl\u00e8me. Nous combinons vigilance humaine et technologies avanc\u00e9es pour garantir une s\u00e9curit\u00e9 optimale.<\/p>\n\n\n\n<p class=\"has-white-color has-text-color has-link-color wp-elements-d336f470cd23ef93e9de7513ef0d3d08\"><strong>Nous assurons pour vous :<\/strong><\/p>\n\n\n\n<p class=\"has-white-color has-text-color has-link-color wp-elements-8752cb0a8d397fc579c492ea5c946e5f\">\u2611\ufe0f<strong>Surveillance continue<\/strong> : agents qualifi\u00e9s, pr\u00e9sence dissuasive 24\/7.<br>\u2611\ufe0f <strong>Rondes r\u00e9guli\u00e8res<\/strong> : contr\u00f4le des zones, d\u00e9tection rapide, intervention imm\u00e9diate.<br>\u2611\ufe0f <strong>Protection adapt\u00e9e<\/strong> : entreprises, r\u00e9sidences, \u00e9v\u00e9nements.<br>\u2611\ufe0f <strong>Technologie + humain<\/strong> : suivi en temps r\u00e9el et transparence.<br>\u2611\ufe0f <strong>Tranquillit\u00e9 assur\u00e9e<\/strong> : s\u00e9curit\u00e9, s\u00e9r\u00e9nit\u00e9 et confiance.<\/p>\n<\/div>\n<\/div>\n\n\n\n<div style=\"height:100px\" aria-hidden=\"true\" class=\"wp-block-spacer\"><\/div>\n\n\n\n<div class=\"wp-block-columns is-layout-flex wp-container-core-columns-is-layout-9d6595d7 wp-block-columns-is-layout-flex\">\n<div class=\"wp-block-column is-layout-flow wp-block-column-is-layout-flow\">\n<h2 class=\"wp-block-heading has-cyan-bluish-gray-color has-text-color has-link-color wp-elements-eecf8897a80145830926015cf0a03313\"><strong>Agent de s\u00e9curit\u00e9<br>pr\u00e9-vol<\/strong> <strong>et surveillance vid\u00e9o<\/strong><\/h2>\n\n\n\n<figure class=\"wp-block-image size-large is-resized\"><img decoding=\"async\" width=\"683\" height=\"1024\" src=\"https:\/\/gorillasecurite.fr\/wp-content\/uploads\/2025\/10\/Vigilance-surveillance-en-noir-et-blanc-2-683x1024.png\" alt=\"\" class=\"wp-image-173\" style=\"width:315px;height:auto\" srcset=\"https:\/\/gorillasecurite.fr\/wp-content\/uploads\/2025\/10\/Vigilance-surveillance-en-noir-et-blanc-2-683x1024.png 683w, https:\/\/gorillasecurite.fr\/wp-content\/uploads\/2025\/10\/Vigilance-surveillance-en-noir-et-blanc-2-200x300.png 200w, https:\/\/gorillasecurite.fr\/wp-content\/uploads\/2025\/10\/Vigilance-surveillance-en-noir-et-blanc-2-768x1152.png 768w, https:\/\/gorillasecurite.fr\/wp-content\/uploads\/2025\/10\/Vigilance-surveillance-en-noir-et-blanc-2-720x1080.png 720w, https:\/\/gorillasecurite.fr\/wp-content\/uploads\/2025\/10\/Vigilance-surveillance-en-noir-et-blanc-2.png 1024w\" sizes=\"(max-width: 683px) 100vw, 683px\" \/><\/figure>\n\n\n\n<p><\/p>\n\n\n\n<p><br><\/p>\n<\/div>\n\n\n\n<div class=\"wp-block-column is-layout-flow wp-block-column-is-layout-flow\">\n<p class=\"has-white-color has-text-color has-link-color wp-elements-4284d9e9869374707392d9b7d2d5c31b\"><strong>L\u2019agent de s\u00e9curit\u00e9 en pr\u00e9-vol chez Gorilla S\u00e9curit\u00e9<\/strong> est sp\u00e9cialis\u00e9 dans la pr\u00e9vention des vols en magasin. Sa mission principale est de surveiller discr\u00e8tement les clients et le personnel afin de d\u00e9tecter les comportements suspects, tout en restant vigilant aux tentatives de vol \u00e0 l\u2019\u00e9talage.<\/p>\n\n\n\n<p class=\"has-white-color has-text-color has-link-color wp-elements-26abd8ffc65417bbf889d6539299dc6a\">En plus de sa pr\u00e9sence physique, il peut \u00e9galement s\u2019appuyer sur un syst\u00e8me de <strong>vid\u00e9osurveillance<\/strong>. Gr\u00e2ce au suivi en temps r\u00e9el via les cam\u00e9ras de s\u00e9curit\u00e9, l\u2019agent est en mesure d\u2019identifier plus rapidement les comportements suspects et de coordonner ses interventions de mani\u00e8re encore plus efficace, tout en restant discret.<\/p>\n\n\n\n<p class=\"has-white-color has-text-color has-link-color wp-elements-d7bedfd59dbcf88ee46f81e9cbf7371c\">Gr\u00e2ce \u00e0 une observation attentive, aux outils de vid\u00e9o-protection et \u00e0 des techniques de dissuasion, l\u2019agent intervient avant que le vol ne soit commis, en pr\u00e9venant l\u2019incident ou en proc\u00e9dant \u00e0 une intervention en toute discr\u00e9tion. Son r\u00f4le est essentiel pour prot\u00e9ger les stocks et garantir un environnement commercial serein et s\u00e9curis\u00e9.<\/p>\n\n\n\n<p class=\"has-white-color has-text-color has-link-color wp-elements-d336f470cd23ef93e9de7513ef0d3d08\"><strong>Nous assurons pour vous :<\/strong><\/p>\n\n\n\n<p class=\"has-white-color has-text-color has-link-color wp-elements-0edf26163c9771c982d1fcfdf3f94f80\">\u2611\ufe0f<strong>Surveillance discr\u00e8te<\/strong> : l\u2019agent observe clients et personnel pour d\u00e9tecter les comportements suspects.<br>\u2611\ufe0f<strong>Support vid\u00e9o<\/strong> : suivi en temps r\u00e9el via cam\u00e9ras pour intervenir efficacement et discr\u00e8tement.<br>\u2611\ufe0f<strong>Pr\u00e9vention proactive<\/strong> : dissuasion et intervention avant tout vol.<br>\u2611\ufe0f<strong>Protection des stocks<\/strong> : s\u00e9curit\u00e9 des marchandises et tranquillit\u00e9 du magasin.<br>\u2611\ufe0f<strong>Environnement serein<\/strong> : garantir un espace commercial s\u00fbr pour tous.<\/p>\n<\/div>\n<\/div>\n\n\n\n<div style=\"height:100px\" aria-hidden=\"true\" class=\"wp-block-spacer\"><\/div>\n\n\n\n<div class=\"wp-block-columns is-layout-flex wp-container-core-columns-is-layout-9d6595d7 wp-block-columns-is-layout-flex\">\n<div class=\"wp-block-column is-layout-flow wp-block-column-is-layout-flow\">\n<h2 class=\"wp-block-heading has-cyan-bluish-gray-color has-text-color has-link-color wp-elements-3d02c996303af678b57e4e1292c6246f\"><strong>\u00c9v\u00e9nementiel<\/strong><\/h2>\n\n\n\n<figure class=\"wp-block-image size-large is-resized\"><img decoding=\"async\" width=\"683\" height=\"1024\" src=\"https:\/\/gorillasecurite.fr\/wp-content\/uploads\/2025\/10\/Gardien-de-securite-a-un-evenement-1-683x1024.png\" alt=\"\" class=\"wp-image-174\" style=\"width:297px;height:auto\" srcset=\"https:\/\/gorillasecurite.fr\/wp-content\/uploads\/2025\/10\/Gardien-de-securite-a-un-evenement-1-683x1024.png 683w, https:\/\/gorillasecurite.fr\/wp-content\/uploads\/2025\/10\/Gardien-de-securite-a-un-evenement-1-200x300.png 200w, https:\/\/gorillasecurite.fr\/wp-content\/uploads\/2025\/10\/Gardien-de-securite-a-un-evenement-1-768x1152.png 768w, https:\/\/gorillasecurite.fr\/wp-content\/uploads\/2025\/10\/Gardien-de-securite-a-un-evenement-1-720x1080.png 720w, https:\/\/gorillasecurite.fr\/wp-content\/uploads\/2025\/10\/Gardien-de-securite-a-un-evenement-1.png 1024w\" sizes=\"(max-width: 683px) 100vw, 683px\" \/><\/figure>\n\n\n\n<p><br><\/p>\n<\/div>\n\n\n\n<div class=\"wp-block-column is-layout-flow wp-block-column-is-layout-flow\">\n<p class=\"has-white-color has-text-color has-link-color wp-elements-58f2c6898884bd3260de4b2015b0fe5f\">L\u2019<strong>agent de s\u00e9curit\u00e9 \u00e9v\u00e9nementiel<\/strong>&nbsp;chez Gorilla S\u00e9curit\u00e9 assure la protection et le bon d\u00e9roulement de tout type d\u2019\u00e9v\u00e9nement, qu\u2019il s\u2019agisse de concerts, festivals, salons, mariages . Son r\u00f4le consiste \u00e0 contr\u00f4ler les acc\u00e8s, g\u00e9rer les flux de personnes, et maintenir l\u2019ordre tout en veillant au respect des consignes de s\u00e9curit\u00e9.<\/p>\n\n\n\n<p class=\"has-white-color has-text-color has-link-color wp-elements-55c906ff90f7f91b7542bf0603b497c2\">En cas de situation impr\u00e9vue, l\u2019agent r\u00e9agit rapidement pour pr\u00e9venir tout risque et garantir la s\u00e9curit\u00e9 des participants. Avec une vigilance constante et une gestion efficace des foules, il contribue \u00e0 cr\u00e9er un environnement serein, permettant \u00e0 l\u2019\u00e9v\u00e9nement de se d\u00e9rouler sans encombre.<\/p>\n\n\n\n<p class=\"has-white-color has-text-color has-link-color wp-elements-d336f470cd23ef93e9de7513ef0d3d08\"><strong>Nous assurons pour vous :<\/strong><\/p>\n\n\n\n<p class=\"has-white-color has-text-color has-link-color wp-elements-305f679640adb0d6e14951469b0e3e8f\">\u2611\ufe0f<strong>Contr\u00f4le des acc\u00e8s<\/strong> : v\u00e9rification des billets, gestion des entr\u00e9es et sorties.<br>\u2611\ufe0f<strong>Gestion des foules<\/strong> : organisation des flux pour \u00e9viter les encombrements et assurer le confort des participants.<br>\u2611\ufe0f<strong>Maintien de l\u2019ordre<\/strong> : surveillance active pour pr\u00e9venir incidents et comportements \u00e0 risque.<br>\u2611\ufe0f<strong>R\u00e9action rapide<\/strong> : intervention imm\u00e9diate en cas de situation impr\u00e9vue.<br>\u2611\ufe0f<strong>S\u00e9curit\u00e9 et s\u00e9r\u00e9nit\u00e9<\/strong> : garantir un \u00e9v\u00e9nement s\u00fbr et agr\u00e9able pour tous.<\/p>\n<\/div>\n<\/div>\n\n\n\n<div style=\"height:100px\" aria-hidden=\"true\" class=\"wp-block-spacer\"><\/div>\n\n\n\n<div class=\"wp-block-columns is-layout-flex wp-container-core-columns-is-layout-9d6595d7 wp-block-columns-is-layout-flex\">\n<div class=\"wp-block-column is-layout-flow wp-block-column-is-layout-flow\">\n<h2 class=\"wp-block-heading has-cyan-bluish-gray-color has-text-color has-link-color wp-elements-9f0d69c3fda0fc4821e619ae1d462083\"><strong>Rondier intervenants sur alarme<\/strong><\/h2>\n\n\n\n<figure class=\"wp-block-image size-large\"><img loading=\"lazy\" decoding=\"async\" width=\"1024\" height=\"683\" src=\"https:\/\/gorillasecurite.fr\/wp-content\/uploads\/2025\/10\/rondier-intervenant-sur-alarme-2-1024x683.png\" alt=\"\" class=\"wp-image-201\" srcset=\"https:\/\/gorillasecurite.fr\/wp-content\/uploads\/2025\/10\/rondier-intervenant-sur-alarme-2-1024x683.png 1024w, https:\/\/gorillasecurite.fr\/wp-content\/uploads\/2025\/10\/rondier-intervenant-sur-alarme-2-300x200.png 300w, https:\/\/gorillasecurite.fr\/wp-content\/uploads\/2025\/10\/rondier-intervenant-sur-alarme-2-768x512.png 768w, https:\/\/gorillasecurite.fr\/wp-content\/uploads\/2025\/10\/rondier-intervenant-sur-alarme-2.png 1536w\" sizes=\"(max-width: 1024px) 100vw, 1024px\" \/><\/figure>\n<\/div>\n\n\n\n<div class=\"wp-block-column is-layout-flow wp-block-column-is-layout-flow\">\n<p class=\"has-white-color has-text-color has-link-color wp-elements-c610dcbc1a88fe108ba0d64e3fee1a29\">Le r\u00f4le de Rondier chez <strong>Gorilla S\u00e9curit\u00e9<\/strong> consiste \u00e0 intervenir rapidement et efficacement d\u00e8s le d\u00e9clenchement d\u2019alarmes sur des sites sensibles, qu\u2019il s\u2019agisse d\u2019entreprises, de r\u00e9sidences ou d\u2019\u00e9v\u00e9nements. Nos agents form\u00e9s assurent une pr\u00e9sence r\u00e9active et professionnelle, garantissant la protection des biens et des personnes.<\/p>\n\n\n\n<p class=\"has-white-color has-text-color has-link-color wp-elements-fe6c60aecc2212ef08599cb025fa3c17\">Les interventions sur alarme permettent de v\u00e9rifier la situation sur place, d\u2019identifier les menaces potentielles et de prendre les mesures n\u00e9cessaires pour s\u00e9curiser les lieux. En combinant vigilance humaine et technologies modernes, nous assurons une r\u00e9ponse imm\u00e9diate et fiable \u00e0 chaque alerte.<\/p>\n\n\n\n<p class=\"has-white-color has-text-color has-link-color wp-elements-d336f470cd23ef93e9de7513ef0d3d08\"><strong>Nous assurons pour vous :<\/strong><\/p>\n\n\n\n<p class=\"has-white-color has-text-color has-link-color wp-elements-2b509f46c2f635510da666843edb32c7\">\u2611\ufe0f <strong>R\u00e9activit\u00e9 imm\u00e9diate<\/strong> : intervention rapide d\u00e8s le d\u00e9clenchement d\u2019une alarme.<br>\u2611\ufe0f <strong>Rondes de contr\u00f4le cibl\u00e9es<\/strong> : v\u00e9rification des sites, identification de toute anomalie ou intrusion.<br>\u2611\ufe0f <strong>Protection adapt\u00e9e<\/strong> : entreprises, r\u00e9sidences, \u00e9v\u00e9nements sensibles.<br>\u2611\ufe0f <strong>Technologie et suivi<\/strong> : alertes en temps r\u00e9el et transparence totale.<br>\u2611\ufe0f <strong>S\u00e9curit\u00e9 et tranquillit\u00e9<\/strong> : pr\u00e9sence professionnelle, s\u00e9r\u00e9nit\u00e9 et confiance.<\/p>\n<\/div>\n<\/div>\n\n\n\n<div style=\"height:100px\" aria-hidden=\"true\" class=\"wp-block-spacer\"><\/div>\n\n\n\n<div class=\"wp-block-columns is-layout-flex wp-container-core-columns-is-layout-9d6595d7 wp-block-columns-is-layout-flex\">\n<div class=\"wp-block-column is-layout-flow wp-block-column-is-layout-flow\">\n<h2 class=\"wp-block-heading has-cyan-bluish-gray-color has-text-color has-link-color wp-elements-bab987192bcb46dc07cec6cc5b1e14ee\"><strong>S\u00e9curit\u00e9 incendie SSIAP<\/strong><\/h2>\n\n\n\n<figure class=\"wp-block-image size-large is-resized\"><img loading=\"lazy\" decoding=\"async\" width=\"683\" height=\"1024\" src=\"https:\/\/gorillasecurite.fr\/wp-content\/uploads\/2025\/10\/SSIAP-683x1024.png\" alt=\"\" class=\"wp-image-176\" style=\"width:347px;height:auto\" srcset=\"https:\/\/gorillasecurite.fr\/wp-content\/uploads\/2025\/10\/SSIAP-683x1024.png 683w, https:\/\/gorillasecurite.fr\/wp-content\/uploads\/2025\/10\/SSIAP-200x300.png 200w, https:\/\/gorillasecurite.fr\/wp-content\/uploads\/2025\/10\/SSIAP-768x1152.png 768w, https:\/\/gorillasecurite.fr\/wp-content\/uploads\/2025\/10\/SSIAP-720x1080.png 720w, https:\/\/gorillasecurite.fr\/wp-content\/uploads\/2025\/10\/SSIAP.png 1024w\" sizes=\"(max-width: 683px) 100vw, 683px\" \/><\/figure>\n<\/div>\n\n\n\n<div class=\"wp-block-column is-layout-flow wp-block-column-is-layout-flow\">\n<p class=\"has-white-color has-text-color has-link-color wp-elements-b8a1b138d597b7c092a31094888acc9c\">Le r\u00f4le d\u2019<strong>Agent SSIAP<\/strong> chez <strong>Gorilla S\u00e9curit\u00e9<\/strong> consiste \u00e0 pr\u00e9venir, d\u00e9tecter et intervenir efficacement en cas d\u2019incendie ou de situation d\u2019urgence sur des sites sensibles, qu\u2019il s\u2019agisse d\u2019entreprises, de r\u00e9sidences ou d\u2019\u00e9v\u00e9nements. Nos agents form\u00e9s et certifi\u00e9s SSIAP assurent une pr\u00e9sence vigilante et professionnelle, garantissant la s\u00e9curit\u00e9 des personnes et des biens.<\/p>\n\n\n\n<p class=\"has-white-color has-text-color has-link-color wp-elements-f9ef34d73d08ff84eba2d3a9573075d1\">Les missions SSIAP permettent de contr\u00f4ler les installations, de v\u00e9rifier le respect des normes de s\u00e9curit\u00e9 incendie, et d\u2019intervenir imm\u00e9diatement en cas d\u2019alerte pour limiter les risques et assurer l\u2019\u00e9vacuation si n\u00e9cessaire. En combinant vigilance humaine et \u00e9quipements sp\u00e9cialis\u00e9s, nous assurons une s\u00e9curit\u00e9 optimale et une intervention fiable \u00e0 chaque situation.<\/p>\n\n\n\n<p class=\"has-white-color has-text-color has-link-color wp-elements-d336f470cd23ef93e9de7513ef0d3d08\"><strong>Nous assurons pour vous :<\/strong><\/p>\n\n\n\n<p class=\"has-white-color has-text-color has-link-color wp-elements-c39077fd113b5d95d5b21fd29bd688c2\">\u2611\ufe0f <strong>Pr\u00e9vention et surveillance<\/strong> : contr\u00f4le des risques d\u2019incendie et respect des normes SSIAP.<br>\u2611\ufe0f <strong>Intervention rapide<\/strong> : action imm\u00e9diate en cas d\u2019alerte ou d\u2019incident.<br>\u2611\ufe0f <strong>Protection adapt\u00e9e<\/strong> : entreprises, r\u00e9sidences et \u00e9v\u00e9nements sensibles.<br>\u2611\ufe0f <strong>Technologie et suivi<\/strong> : \u00e9quipements sp\u00e9cialis\u00e9s et communication en temps r\u00e9el.<br>\u2611\ufe0f <strong>S\u00e9curit\u00e9 et tranquillit\u00e9<\/strong> : pr\u00e9sence professionnelle, s\u00e9r\u00e9nit\u00e9 et confiance pour tous.<\/p>\n<\/div>\n<\/div>\n\n\n\n<div style=\"height:100px\" aria-hidden=\"true\" class=\"wp-block-spacer\"><\/div>\n\n\n\n<div class=\"wp-block-columns is-layout-flex wp-container-core-columns-is-layout-9d6595d7 wp-block-columns-is-layout-flex\">\n<div class=\"wp-block-column is-layout-flow wp-block-column-is-layout-flow\">\n<h2 class=\"wp-block-heading has-cyan-bluish-gray-color has-text-color has-link-color wp-elements-f39bb3d38cc731a72292e3729cdf2394\"><strong>Veilleur de nuit<\/strong><\/h2>\n\n\n\n<figure class=\"wp-block-image size-large is-style-default\"><img loading=\"lazy\" decoding=\"async\" width=\"1024\" height=\"683\" src=\"https:\/\/gorillasecurite.fr\/wp-content\/uploads\/2025\/10\/veilleur-nuit-Top-1-1024x683.png\" alt=\"\" class=\"wp-image-203\" srcset=\"https:\/\/gorillasecurite.fr\/wp-content\/uploads\/2025\/10\/veilleur-nuit-Top-1-1024x683.png 1024w, https:\/\/gorillasecurite.fr\/wp-content\/uploads\/2025\/10\/veilleur-nuit-Top-1-300x200.png 300w, https:\/\/gorillasecurite.fr\/wp-content\/uploads\/2025\/10\/veilleur-nuit-Top-1-768x512.png 768w, https:\/\/gorillasecurite.fr\/wp-content\/uploads\/2025\/10\/veilleur-nuit-Top-1.png 1536w\" sizes=\"(max-width: 1024px) 100vw, 1024px\" \/><\/figure>\n<\/div>\n\n\n\n<div class=\"wp-block-column is-layout-flow wp-block-column-is-layout-flow\">\n<p class=\"has-white-color has-text-color has-link-color wp-elements-a8f58bbdec66896b9eeb69f745e6e953\">Le r\u00f4le de <strong>Veilleur de nuit<\/strong> chez <strong>Gorilla S\u00e9curit\u00e9<\/strong> consiste \u00e0 assurer la surveillance et la protection des sites sensibles pendant la nuit, qu\u2019il s\u2019agisse d\u2019entreprises, de r\u00e9sidences ou d\u2019\u00e9v\u00e9nements. Nos agents form\u00e9s garantissent une pr\u00e9sence discr\u00e8te mais efficace, veillant \u00e0 la s\u00e9curit\u00e9 des personnes et des biens pendant les heures les plus sensibles.<\/p>\n\n\n\n<p class=\"has-white-color has-text-color has-link-color wp-elements-e9e9fb24518d7daaa025df9d7982e521\">Les rondes de nuit et la surveillance continue permettent de d\u00e9tecter tout comportement suspect, pr\u00e9venir les incidents et intervenir rapidement en cas de probl\u00e8me. En combinant vigilance humaine et outils de s\u00e9curit\u00e9 modernes, nous assurons une protection fiable et constante.<\/p>\n\n\n\n<p class=\"has-white-color has-text-color has-link-color wp-elements-d336f470cd23ef93e9de7513ef0d3d08\"><strong>Nous assurons pour vous :<\/strong><\/p>\n\n\n\n<p class=\"has-white-color has-text-color has-link-color wp-elements-bc508b878f0a62907b62808bc55b3753\">\u2611\ufe0f <strong>Surveillance nocturne<\/strong> : pr\u00e9sence professionnelle pendant toute la nuit.<br>\u2611\ufe0f <strong>Rondes r\u00e9guli\u00e8res<\/strong> : contr\u00f4le des sites et d\u00e9tection des anomalies ou intrusions.<br>\u2611\ufe0f <strong>Protection adapt\u00e9e<\/strong> : entreprises, r\u00e9sidences et \u00e9v\u00e9nements nocturnes.<br>\u2611\ufe0f <strong>Technologie et suivi<\/strong> : dispositifs de s\u00e9curit\u00e9 et communication en temps r\u00e9el.<br>\u2611\ufe0f <strong>S\u00e9curit\u00e9 et tranquillit\u00e9<\/strong> : s\u00e9r\u00e9nit\u00e9 et confiance pour nos clients tout au long de la nuit.<\/p>\n<\/div>\n<\/div>\n\n\n\n<div style=\"height:45px\" aria-hidden=\"true\" class=\"wp-block-spacer\"><\/div>\n\n\n\n<div class=\"wp-block-buttons is-content-justification-center is-layout-flex wp-container-core-buttons-is-layout-16018d1d wp-block-buttons-is-layout-flex\">\n<div class=\"wp-block-button is-style-outline is-style-outline--1\"><a class=\"wp-block-button__link has-white-color has-text-color has-link-color wp-element-button\" href=\"https:\/\/gorillasecurite.fr\/index.php\/contact\/\">Demande de devis<\/a><\/div>\n<\/div>\n\n\n\n<p><\/p>\n","protected":false},"excerpt":{"rendered":"<p>Gardiennage \/ Ronde Le&nbsp;gardiennage&nbsp;chez Gorilla S\u00e9curit\u00e9 consiste \u00e0 assurer la surveillance continue de sites sensibles tels que des entreprises, des r\u00e9sidences, ou des \u00e9v\u00e9nements. Nos agents form\u00e9s veillent \u00e0 pr\u00e9venir les intrusions, prot\u00e9ger les biens et assurer la tranquillit\u00e9 des lieux gr\u00e2ce \u00e0 une pr\u00e9sence dissuasive. Les&nbsp;rondes de s\u00e9curit\u00e9, effectu\u00e9es \u00e0 intervalles r\u00e9guliers, permettent de&hellip; <br \/> <a class=\"read-more\" href=\"https:\/\/gorillasecurite.fr\/index.php\/nos-services\/\">Lire la suite<\/a><\/p>\n","protected":false},"author":1,"featured_media":0,"parent":0,"menu_order":0,"comment_status":"closed","ping_status":"closed","template":"","meta":{"footnotes":""},"class_list":["post-137","page","type-page","status-publish","hentry"],"_links":{"self":[{"href":"https:\/\/gorillasecurite.fr\/index.php\/wp-json\/wp\/v2\/pages\/137","targetHints":{"allow":["GET"]}}],"collection":[{"href":"https:\/\/gorillasecurite.fr\/index.php\/wp-json\/wp\/v2\/pages"}],"about":[{"href":"https:\/\/gorillasecurite.fr\/index.php\/wp-json\/wp\/v2\/types\/page"}],"author":[{"embeddable":true,"href":"https:\/\/gorillasecurite.fr\/index.php\/wp-json\/wp\/v2\/users\/1"}],"replies":[{"embeddable":true,"href":"https:\/\/gorillasecurite.fr\/index.php\/wp-json\/wp\/v2\/comments?post=137"}],"version-history":[{"count":28,"href":"https:\/\/gorillasecurite.fr\/index.php\/wp-json\/wp\/v2\/pages\/137\/revisions"}],"predecessor-version":[{"id":206,"href":"https:\/\/gorillasecurite.fr\/index.php\/wp-json\/wp\/v2\/pages\/137\/revisions\/206"}],"wp:attachment":[{"href":"https:\/\/gorillasecurite.fr\/index.php\/wp-json\/wp\/v2\/media?parent=137"}],"curies":[{"name":"wp","href":"https:\/\/api.w.org\/{rel}","templated":true}]}}