{"id":91,"date":"2024-09-24T19:01:24","date_gmt":"2024-09-24T17:01:24","guid":{"rendered":"https:\/\/gorillasecurite.fr\/?page_id=91"},"modified":"2024-09-24T23:29:30","modified_gmt":"2024-09-24T21:29:30","slug":"contact","status":"publish","type":"page","link":"https:\/\/gorillasecurite.fr\/index.php\/contact\/","title":{"rendered":"Contact"},"content":{"rendered":"\n<blockquote class=\"wp-block-quote is-layout-flow wp-block-quote-is-layout-flow\">\n<p class=\"has-white-color has-text-color has-link-color wp-elements-ce65a3d76978ee4e74de4b7c04c9a161\">Vous souhaitez avoir un renseignement, postuler chez Gorilla Securite ou effectuer une demande de devis ? Nous vous invitons \u00e0 remplir ce formulaire, nous vous r\u00e9pondrons dans les meilleurs d\u00e9lais !<\/p>\n<\/blockquote>\n\n\n<style id=\"wpforms-css-vars-root\">\n\t\t\t\t:root {\n\t\t\t\t\t--wpforms-field-border-radius: 3px;\n--wpforms-field-border-style: solid;\n--wpforms-field-border-size: 1px;\n--wpforms-field-background-color: #ffffff;\n--wpforms-field-border-color: rgba( 0, 0, 0, 0.25 );\n--wpforms-field-border-color-spare: rgba( 0, 0, 0, 0.25 );\n--wpforms-field-text-color: rgba( 0, 0, 0, 0.7 );\n--wpforms-field-menu-color: #ffffff;\n--wpforms-label-color: rgba( 0, 0, 0, 0.85 );\n--wpforms-label-sublabel-color: rgba( 0, 0, 0, 0.55 );\n--wpforms-label-error-color: #d63637;\n--wpforms-button-border-radius: 3px;\n--wpforms-button-border-style: none;\n--wpforms-button-border-size: 1px;\n--wpforms-button-background-color: #066aab;\n--wpforms-button-border-color: #066aab;\n--wpforms-button-text-color: #ffffff;\n--wpforms-page-break-color: #066aab;\n--wpforms-background-image: none;\n--wpforms-background-position: center center;\n--wpforms-background-repeat: no-repeat;\n--wpforms-background-size: cover;\n--wpforms-background-width: 100px;\n--wpforms-background-height: 100px;\n--wpforms-background-color: rgba( 0, 0, 0, 0 );\n--wpforms-background-url: none;\n--wpforms-container-padding: 0px;\n--wpforms-container-border-style: none;\n--wpforms-container-border-width: 1px;\n--wpforms-container-border-color: #000000;\n--wpforms-container-border-radius: 3px;\n--wpforms-field-size-input-height: 43px;\n--wpforms-field-size-input-spacing: 15px;\n--wpforms-field-size-font-size: 16px;\n--wpforms-field-size-line-height: 19px;\n--wpforms-field-size-padding-h: 14px;\n--wpforms-field-size-checkbox-size: 16px;\n--wpforms-field-size-sublabel-spacing: 5px;\n--wpforms-field-size-icon-size: 1;\n--wpforms-label-size-font-size: 16px;\n--wpforms-label-size-line-height: 19px;\n--wpforms-label-size-sublabel-font-size: 14px;\n--wpforms-label-size-sublabel-line-height: 17px;\n--wpforms-button-size-font-size: 17px;\n--wpforms-button-size-height: 41px;\n--wpforms-button-size-padding-h: 15px;\n--wpforms-button-size-margin-top: 10px;\n--wpforms-container-shadow-size-box-shadow: none;\n\n\t\t\t\t}\n\t\t\t<\/style><style id=\"wpforms-css-vars-85-block-a75573d6-f6ba-483b-b61b-411f09e9e897\">\n\t\t\t\t#wpforms-85.wpforms-block-a75573d6-f6ba-483b-b61b-411f09e9e897 {\n\t\t\t\t\t--wpforms-label-color: #ffffff;\n--wpforms-label-sublabel-color: #abb8c3;\n--wpforms-field-size-input-height: 43px;\n--wpforms-field-size-input-spacing: 15px;\n--wpforms-field-size-font-size: 16px;\n--wpforms-field-size-line-height: 19px;\n--wpforms-field-size-padding-h: 14px;\n--wpforms-field-size-checkbox-size: 16px;\n--wpforms-field-size-sublabel-spacing: 5px;\n--wpforms-field-size-icon-size: 1;\n--wpforms-label-size-font-size: 16px;\n--wpforms-label-size-line-height: 19px;\n--wpforms-label-size-sublabel-font-size: 14px;\n--wpforms-label-size-sublabel-line-height: 17px;\n--wpforms-button-size-font-size: 17px;\n--wpforms-button-size-height: 41px;\n--wpforms-button-size-padding-h: 15px;\n--wpforms-button-size-margin-top: 10px;\n\n\t\t\t\t}\n\t\t\t<\/style><div class=\"wpforms-container wpforms-container-full wpforms-block wpforms-block-a75573d6-f6ba-483b-b61b-411f09e9e897 wpforms-render-modern\" id=\"wpforms-85\"><form id=\"wpforms-form-85\" class=\"wpforms-validate wpforms-form wpforms-ajax-form\" data-formid=\"85\" method=\"post\" enctype=\"multipart\/form-data\" action=\"\/index.php\/wp-json\/wp\/v2\/pages\/91\" data-token=\"6d157e863228a6f9edbab2169784ccfa\" data-token-time=\"1776618699\"><noscript class=\"wpforms-error-noscript\">Veuillez activer JavaScript dans votre navigateur pour remplir ce formulaire.<\/noscript><div class=\"wpforms-hidden\" id=\"wpforms-error-noscript\">Veuillez activer JavaScript dans votre navigateur pour remplir ce formulaire.<\/div><div class=\"wpforms-field-container\"><div id=\"wpforms-85-field_9-container\" class=\"wpforms-field wpforms-field-checkbox wpforms-list-2-columns\" data-field-id=\"9\"><fieldset><legend class=\"wpforms-field-label\">Vous \u00eates ? <span class=\"wpforms-required-label\" aria-hidden=\"true\">*<\/span><\/legend><ul id=\"wpforms-85-field_9\" class=\"wpforms-field-required\" data-choice-limit=\"1\"><li class=\"choice-1 depth-1\"><input type=\"checkbox\" id=\"wpforms-85-field_9_1\" data-rule-check-limit=\"true\" name=\"wpforms[fields][9][]\" value=\"Une soci\u00e9t\u00e9\" aria-errormessage=\"wpforms-85-field_9_1-error\" required ><label class=\"wpforms-field-label-inline\" for=\"wpforms-85-field_9_1\">Une soci\u00e9t\u00e9<\/label><\/li><li class=\"choice-2 depth-1\"><input type=\"checkbox\" id=\"wpforms-85-field_9_2\" data-rule-check-limit=\"true\" name=\"wpforms[fields][9][]\" value=\"Un particulier\" aria-errormessage=\"wpforms-85-field_9_2-error\" required ><label class=\"wpforms-field-label-inline\" for=\"wpforms-85-field_9_2\">Un particulier<\/label><\/li><\/ul><\/fieldset><\/div><div id=\"wpforms-85-field_10-container\" class=\"wpforms-field wpforms-field-name\" data-field-id=\"10\"><label class=\"wpforms-field-label\" for=\"wpforms-85-field_10\">Nom de la soci\u00e9t\u00e9<\/label><input type=\"text\" id=\"wpforms-85-field_10\" class=\"wpforms-field-medium\" name=\"wpforms[fields][10]\" aria-errormessage=\"wpforms-85-field_10-error\" ><\/div><div id=\"wpforms-85-field_11-container\" class=\"wpforms-field wpforms-field-text\" data-field-id=\"11\"><label class=\"wpforms-field-label\" for=\"wpforms-85-field_11\">SIRET<\/label><input type=\"text\" id=\"wpforms-85-field_11\" class=\"wpforms-field-medium\" name=\"wpforms[fields][11]\" aria-errormessage=\"wpforms-85-field_11-error\" ><\/div><div id=\"wpforms-85-field_1-container\" class=\"wpforms-field wpforms-field-name\" data-field-id=\"1\"><fieldset><legend class=\"wpforms-field-label\">Nom <span class=\"wpforms-required-label\" aria-hidden=\"true\">*<\/span><\/legend><div class=\"wpforms-field-row wpforms-field-medium\"><div class=\"wpforms-field-row-block wpforms-first wpforms-one-half\"><input type=\"text\" id=\"wpforms-85-field_1\" class=\"wpforms-field-name-first wpforms-field-required\" name=\"wpforms[fields][1][first]\" aria-errormessage=\"wpforms-85-field_1-error\" required><label for=\"wpforms-85-field_1\" class=\"wpforms-field-sublabel after\">Pr\u00e9nom<\/label><\/div><div class=\"wpforms-field-row-block wpforms-one-half\"><input type=\"text\" id=\"wpforms-85-field_1-last\" class=\"wpforms-field-name-last wpforms-field-required\" name=\"wpforms[fields][1][last]\" aria-errormessage=\"wpforms-85-field_1-last-error\" required><label for=\"wpforms-85-field_1-last\" class=\"wpforms-field-sublabel after\">Nom<\/label><\/div><\/div><\/fieldset><\/div><div id=\"wpforms-85-field_2-container\" class=\"wpforms-field wpforms-field-email\" data-field-id=\"2\"><label class=\"wpforms-field-label\" for=\"wpforms-85-field_2\">E-mail <span class=\"wpforms-required-label\" aria-hidden=\"true\">*<\/span><\/label><input type=\"email\" id=\"wpforms-85-field_2\" class=\"wpforms-field-medium wpforms-field-required\" name=\"wpforms[fields][2]\" spellcheck=\"false\" aria-errormessage=\"wpforms-85-field_2-error\" required><\/div><div id=\"wpforms-85-field_6-container\" class=\"wpforms-field wpforms-field-number\" data-field-id=\"6\"><label class=\"wpforms-field-label\" for=\"wpforms-85-field_6\">Num\u00e9ro de t\u00e9l\u00e9phone <span class=\"wpforms-required-label\" aria-hidden=\"true\">*<\/span><\/label><input type=\"number\" id=\"wpforms-85-field_6\" class=\"wpforms-field-medium wpforms-field-required\" name=\"wpforms[fields][6]\" aria-errormessage=\"wpforms-85-field_6-error\" required><\/div><div id=\"wpforms-85-field_7-container\" class=\"wpforms-field wpforms-field-select wpforms-field-select-style-classic\" data-field-id=\"7\"><label class=\"wpforms-field-label\" for=\"wpforms-85-field_7\">Vous souhaitez \u00eatre contact\u00e9 par : <span class=\"wpforms-required-label\" aria-hidden=\"true\">*<\/span><\/label><select id=\"wpforms-85-field_7\" class=\"wpforms-field-medium wpforms-field-required\" name=\"wpforms[fields][7]\" required=\"required\"><option value=\"T\u00e9l\u00e9phone\" >T\u00e9l\u00e9phone<\/option><option value=\"Mail\" >Mail<\/option><\/select><\/div><div id=\"wpforms-85-field_4-container\" class=\"wpforms-field wpforms-field-checkbox wpforms-list-inline\" data-field-id=\"4\"><fieldset><legend class=\"wpforms-field-label\">Objet de la demande <span class=\"wpforms-required-label\" aria-hidden=\"true\">*<\/span><\/legend><ul id=\"wpforms-85-field_4\" class=\"wpforms-field-required\" data-choice-limit=\"1\"><li class=\"choice-1 depth-1\"><input type=\"checkbox\" id=\"wpforms-85-field_4_1\" data-rule-check-limit=\"true\" name=\"wpforms[fields][4][]\" value=\"Demande de devis\" aria-errormessage=\"wpforms-85-field_4_1-error\" required ><label class=\"wpforms-field-label-inline\" for=\"wpforms-85-field_4_1\">Demande de devis<\/label><\/li><li class=\"choice-2 depth-1\"><input type=\"checkbox\" id=\"wpforms-85-field_4_2\" data-rule-check-limit=\"true\" name=\"wpforms[fields][4][]\" value=\"Recrutement\" aria-errormessage=\"wpforms-85-field_4_2-error\" required ><label class=\"wpforms-field-label-inline\" for=\"wpforms-85-field_4_2\">Recrutement<\/label><\/li><li class=\"choice-3 depth-1\"><input type=\"checkbox\" id=\"wpforms-85-field_4_3\" data-rule-check-limit=\"true\" name=\"wpforms[fields][4][]\" value=\"Informations\" aria-errormessage=\"wpforms-85-field_4_3-error\" required ><label class=\"wpforms-field-label-inline\" for=\"wpforms-85-field_4_3\">Informations<\/label><\/li><\/ul><\/fieldset><\/div><div id=\"wpforms-85-field_3-container\" class=\"wpforms-field wpforms-field-textarea\" data-field-id=\"3\"><label class=\"wpforms-field-label\" for=\"wpforms-85-field_3\">Commentaire ou message<\/label><textarea id=\"wpforms-85-field_3\" class=\"wpforms-field-medium\" name=\"wpforms[fields][3]\" aria-errormessage=\"wpforms-85-field_3-error\" ><\/textarea><\/div><\/div><!-- .wpforms-field-container --><div class=\"wpforms-submit-container\" ><input type=\"hidden\" name=\"wpforms[id]\" value=\"85\"><input type=\"hidden\" name=\"page_title\" value=\"\"><input type=\"hidden\" name=\"page_url\" value=\"https:\/\/gorillasecurite.fr\/index.php\/wp-json\/wp\/v2\/pages\/91\"><button type=\"submit\" name=\"wpforms[submit]\" id=\"wpforms-submit-85\" class=\"wpforms-submit\" data-alt-text=\"Envoi...\" data-submit-text=\"Envoyer\" aria-live=\"assertive\" value=\"wpforms-submit\">Envoyer<\/button><img decoding=\"async\" src=\"https:\/\/gorillasecurite.fr\/wp-content\/plugins\/wpforms-lite\/assets\/images\/submit-spin.svg\" class=\"wpforms-submit-spinner\" style=\"display: none;\" width=\"26\" height=\"26\" alt=\"Chargement en cours\"><\/div><\/form><\/div>  <!-- .wpforms-container -->","protected":false},"excerpt":{"rendered":"<p>Vous souhaitez avoir un renseignement, postuler chez Gorilla Securite ou effectuer une demande de devis ? Nous vous invitons \u00e0 remplir ce formulaire, nous vous r\u00e9pondrons dans les meilleurs d\u00e9lais !<\/p>\n","protected":false},"author":1,"featured_media":0,"parent":0,"menu_order":0,"comment_status":"closed","ping_status":"closed","template":"","meta":{"footnotes":""},"class_list":["post-91","page","type-page","status-publish","hentry"],"_links":{"self":[{"href":"https:\/\/gorillasecurite.fr\/index.php\/wp-json\/wp\/v2\/pages\/91","targetHints":{"allow":["GET"]}}],"collection":[{"href":"https:\/\/gorillasecurite.fr\/index.php\/wp-json\/wp\/v2\/pages"}],"about":[{"href":"https:\/\/gorillasecurite.fr\/index.php\/wp-json\/wp\/v2\/types\/page"}],"author":[{"embeddable":true,"href":"https:\/\/gorillasecurite.fr\/index.php\/wp-json\/wp\/v2\/users\/1"}],"replies":[{"embeddable":true,"href":"https:\/\/gorillasecurite.fr\/index.php\/wp-json\/wp\/v2\/comments?post=91"}],"version-history":[{"count":4,"href":"https:\/\/gorillasecurite.fr\/index.php\/wp-json\/wp\/v2\/pages\/91\/revisions"}],"predecessor-version":[{"id":122,"href":"https:\/\/gorillasecurite.fr\/index.php\/wp-json\/wp\/v2\/pages\/91\/revisions\/122"}],"wp:attachment":[{"href":"https:\/\/gorillasecurite.fr\/index.php\/wp-json\/wp\/v2\/media?parent=91"}],"curies":[{"name":"wp","href":"https:\/\/api.w.org\/{rel}","templated":true}]}}